{"id":4954,"date":"2018-01-24T09:42:26","date_gmt":"2018-01-24T08:42:26","guid":{"rendered":"http:\/\/honigatelier.at\/?post_type=product&#038;p=4954"},"modified":"2022-04-19T07:13:44","modified_gmt":"2022-04-19T05:13:44","slug":"zimt-in-honig-125g","status":"publish","type":"product","link":"https:\/\/www.honigatelier.at\/index.php\/produkt\/zimt-in-honig-125g\/","title":{"rendered":"Zimt in Honig 125g"},"content":{"rendered":"<p>Hier verbindet sich unser liebevoller Sommerhonig mit echtem Zimt. Echter Zimt, auch Ceylon-Zimt genannt, ist die hochwertigere und feinere Zimtart. Diese Heilpflanze hat ein viel edleres Aromaspektrum als herk\u00f6mmlicher Cassia-Zimt. Da echter Zimt kaum Cumarin enth\u00e4lt, ist er f\u00fcr unsere Gesundheit unbedenklich. Der Honig-Zimtmischung wird eine Vielzahl an positiven Wirkungen, wie zum Bespiel auf den Cholesterinspiegel, nachgesagt.<\/p>\n<p><strong>Genusstipp:<br \/>\n<\/strong>Vollenden von M\u00fcsli oder warmem Porridge mit unserem Zimt in Honig. Passt auch hervorragend zu Zwetschkenr\u00f6ster, Apfelmus und Brat\u00e4pfeln. Ein besonderer Genuss auch in der kalten Winterzeit in Punsch und Gl\u00fchwein oder einfach pur f\u00fcr zwischendurch.<\/p>\n","protected":false},"excerpt":{"rendered":"<p>Hier verbindet sich unser liebevoller Sommerhonig mit echtem Zimt.<\/p>\n","protected":false},"featured_media":5026,"template":"","meta":[],"product_brand":[],"product_cat":[73],"product_tag":[],"class_list":{"0":"post-4954","1":"product","2":"type-product","3":"status-publish","4":"has-post-thumbnail","6":"product_cat-honig","8":"first","9":"instock","10":"taxable","11":"shipping-taxable","12":"purchasable","13":"product-type-simple"},"_links":{"self":[{"href":"https:\/\/www.honigatelier.at\/index.php\/wp-json\/wp\/v2\/product\/4954","targetHints":{"allow":["GET"]}}],"collection":[{"href":"https:\/\/www.honigatelier.at\/index.php\/wp-json\/wp\/v2\/product"}],"about":[{"href":"https:\/\/www.honigatelier.at\/index.php\/wp-json\/wp\/v2\/types\/product"}],"wp:featuredmedia":[{"embeddable":true,"href":"https:\/\/www.honigatelier.at\/index.php\/wp-json\/wp\/v2\/media\/5026"}],"wp:attachment":[{"href":"https:\/\/www.honigatelier.at\/index.php\/wp-json\/wp\/v2\/media?parent=4954"}],"wp:term":[{"taxonomy":"product_brand","embeddable":true,"href":"https:\/\/www.honigatelier.at\/index.php\/wp-json\/wp\/v2\/product_brand?post=4954"},{"taxonomy":"product_cat","embeddable":true,"href":"https:\/\/www.honigatelier.at\/index.php\/wp-json\/wp\/v2\/product_cat?post=4954"},{"taxonomy":"product_tag","embeddable":true,"href":"https:\/\/www.honigatelier.at\/index.php\/wp-json\/wp\/v2\/product_tag?post=4954"}],"curies":[{"name":"wp","href":"https:\/\/api.w.org\/{rel}","templated":true}]}}