{"id":80,"date":"2015-04-27T04:38:36","date_gmt":"2015-04-27T04:38:36","guid":{"rendered":"http:\/\/memory.themestudio.net\/?page_id=80"},"modified":"2019-03-11T16:37:36","modified_gmt":"2019-03-11T15:37:36","slug":"ueber-uns","status":"publish","type":"page","link":"https:\/\/www.honigatelier.at\/index.php\/ueber-uns\/","title":{"rendered":"\u00dcber uns"},"content":{"rendered":"<p>[vc_row][vc_column][vc_empty_space height=&#8220;50px&#8220;][vc_custom_heading text=&#8220;\u00dcber uns&#8220; font_container=&#8220;tag:h1|font_size:60px|text_align:center&#8220; google_fonts=&#8220;font_family:Nothing%20You%20Could%20Do%3Aregular|font_style:400%20regular%3A400%3Anormal&#8220;][\/vc_column][\/vc_row][vc_row css=&#8220;.vc_custom_1429763694715{padding-top: 50px !important;padding-right: 30px !important;padding-left: 30px !important;background-color: #ffffff !important;}&#8220; gmbt_prlx_bg_type=&#8220;parallax&#8220; gmbt_prlx_break_parents=&#8220;0&#8243; gmbt_prlx_smooth_scrolling=&#8220;&#8220; gmbt_prlx_video_mute=&#8220;&#8220; gmbt_prlx_video_force_hd=&#8220;&#8220; gmbt_prlx_opacity=&#8220;100&#8243; gmbt_prlx_video_aspect_ratio=&#8220;16:9&#8243; gmbt_prlx_parallax=&#8220;none&#8220; gmbt_prlx_speed=&#8220;0.3&#8243; gmbt_prlx_enable_mobile=&#8220;&#8220;][vc_column width=&#8220;1\/2&#8243;][vc_single_image image=&#8220;5081&#8243; img_size=&#8220;large&#8220; alignment=&#8220;center&#8220;][vc_separator color=&#8220;custom&#8220; accent_color=&#8220;#f5f5f5&#8243;][\/vc_column][vc_column width=&#8220;1\/2&#8243;][vc_column_text css=&#8220;.vc_custom_1552318649535{margin-top: 27px !important;margin-bottom: 45px !important;}&#8220; el_class=&#8220;ueberuns&#8220;]Honig, das goldene Produkt unserer emsigen Bienen, bietet unbegrenzte M\u00f6glichkeiten zur Anwendung und ist ein liebevolles Geschenk f\u00fcr K\u00f6rper und Seele. Wir, Carmen und G\u00fcnther, arbeiten mit Herzblut an unserer gemeinsamen Leidenschaft, der Imkerei. Aus der Natur, dieser wunderbaren Apotheke Gottes, k\u00f6nnen wir zwei t\u00e4glich Kraft und Energie sch\u00f6pfen.<\/p>\n<p>\u201eNatur beachten, bewahren und respektieren\u201c ist unser Grundprinzip und danach leben wir. Wir glauben daran, dass der Mensch grunds\u00e4tzlich viel von unserer g\u00fctigen Mutter Natur lernen kann, denn Bienen zum Beispiel sammeln Honig ohne dabei die Blumen zu besch\u00e4digen.<\/p>\n<p>Das Verzaubern dieses fl\u00fcssigen Goldes, um es anschlie\u00dfend in liebevolle Produkte wie zum Beispiel unseren Sommerhonig, Honiglik\u00f6r und Zimt in Honig zu verwandeln, ist etwas sehr Achtsames und es macht uns Freude, die Wertsch\u00f6pfung in der Region zu erhalten.<\/p>\n<p>M\u00f6gen Sie die positive Energie und Liebe von unseren besonderen Honigprodukten nicht nur schmecken, sondern vor allem sp\u00fcren. Viel Freude und Genuss damit.<\/p>\n<p>Mit liebevollen Honiggr\u00fc\u00dfen,<br \/>\nCarmen und G\u00fcnther[\/vc_column_text][\/vc_column][\/vc_row]<\/p>\n","protected":false},"excerpt":{"rendered":"<p>[vc_row][vc_column][vc_empty_space height=&#8220;50px&#8220;][vc_custom_heading text=&#8220;\u00dcber uns&#8220; font_container=&#8220;tag:h1|font_size:60px|text_align:center&#8220; google_fonts=&#8220;font_family:Nothing%20You%20Could%20Do%3Aregular|font_style:400%20regular%3A400%3Anormal&#8220;][\/vc_column][\/vc_row][vc_row css=&#8220;.vc_custom_1429763694715{padding-top: 50px !important;padding-right: 30px !important;padding-left: 30px !important;background-color: #ffffff !important;}&#8220; gmbt_prlx_bg_type=&#8220;parallax&#8220; gmbt_prlx_break_parents=&#8220;0&#8243; gmbt_prlx_smooth_scrolling=&#8220;&#8220; gmbt_prlx_video_mute=&#8220;&#8220; gmbt_prlx_video_force_hd=&#8220;&#8220; gmbt_prlx_opacity=&#8220;100&#8243; gmbt_prlx_video_aspect_ratio=&#8220;16:9&#8243; gmbt_prlx_parallax=&#8220;none&#8220; gmbt_prlx_speed=&#8220;0.3&#8243; gmbt_prlx_enable_mobile=&#8220;&#8220;][vc_column width=&#8220;1\/2&#8243;][vc_single_image image=&#8220;5081&#8243; img_size=&#8220;large&#8220; alignment=&#8220;center&#8220;][vc_separator color=&#8220;custom&#8220; accent_color=&#8220;#f5f5f5&#8243;][\/vc_column][vc_column width=&#8220;1\/2&#8243;][vc_column_text css=&#8220;.vc_custom_1552318649535{margin-top: 27px !important;margin-bottom: 45px !important;}&#8220; el_class=&#8220;ueberuns&#8220;]Honig, das goldene Produkt unserer emsigen Bienen, bietet unbegrenzte M\u00f6glichkeiten zur Anwendung und ist ein liebevolles Geschenk f\u00fcr [&hellip;]<\/p>\n","protected":false},"author":1,"featured_media":0,"parent":0,"menu_order":0,"comment_status":"open","ping_status":"open","template":"","meta":{"footnotes":""},"class_list":["post-80","page","type-page","status-publish","hentry"],"_links":{"self":[{"href":"https:\/\/www.honigatelier.at\/index.php\/wp-json\/wp\/v2\/pages\/80","targetHints":{"allow":["GET"]}}],"collection":[{"href":"https:\/\/www.honigatelier.at\/index.php\/wp-json\/wp\/v2\/pages"}],"about":[{"href":"https:\/\/www.honigatelier.at\/index.php\/wp-json\/wp\/v2\/types\/page"}],"author":[{"embeddable":true,"href":"https:\/\/www.honigatelier.at\/index.php\/wp-json\/wp\/v2\/users\/1"}],"replies":[{"embeddable":true,"href":"https:\/\/www.honigatelier.at\/index.php\/wp-json\/wp\/v2\/comments?post=80"}],"version-history":[{"count":14,"href":"https:\/\/www.honigatelier.at\/index.php\/wp-json\/wp\/v2\/pages\/80\/revisions"}],"predecessor-version":[{"id":5210,"href":"https:\/\/www.honigatelier.at\/index.php\/wp-json\/wp\/v2\/pages\/80\/revisions\/5210"}],"wp:attachment":[{"href":"https:\/\/www.honigatelier.at\/index.php\/wp-json\/wp\/v2\/media?parent=80"}],"curies":[{"name":"wp","href":"https:\/\/api.w.org\/{rel}","templated":true}]}}